{"id":1474,"date":"2025-09-16T14:43:12","date_gmt":"2025-09-16T12:43:12","guid":{"rendered":"https:\/\/metatroncapital.eu\/membership-registration\/"},"modified":"2025-10-15T12:30:07","modified_gmt":"2025-10-15T10:30:07","slug":"membership-registration","status":"publish","type":"page","link":"https:\/\/metatroncapital.eu\/en\/membership-registration\/","title":{"rendered":"Register"},"content":{"rendered":"<style>.elementor-1474 .elementor-element.elementor-element-72da2c89{--display:flex;}:root{--page-title-display:none;}@media(max-width:767px){.elementor-1474 .elementor-element.elementor-element-72da2c89{--align-items:center;--container-widget-width:calc( ( 1 - var( --container-widget-flex-grow ) ) * 100% );--padding-top:-1%;--padding-bottom:5%;--padding-left:5%;--padding-right:5%;}}\/* Start custom CSS for shortcode, class: .elementor-element-326dbd6 *\/.no-capitalize input[type=\"submit\"],\n.no-capitalize button[type=\"submit\"] {\n  text-transform: none !important;\n}\/* End custom CSS *\/<\/style>\t\t<div data-elementor-type=\"wp-page\" data-elementor-id=\"1474\" class=\"elementor elementor-1474\" data-elementor-post-type=\"page\">\n\t\t\t\t<div class=\"elementor-element elementor-element-72da2c89 e-flex e-con-boxed e-con e-parent\" data-id=\"72da2c89\" data-element_type=\"container\" data-e-type=\"container\">\n\t\t\t\t\t<div class=\"e-con-inner\">\n\t\t\t\t<div class=\"elementor-element elementor-element-326dbd6 elementor-widget elementor-widget-shortcode\" data-id=\"326dbd6\" data-element_type=\"widget\" data-e-type=\"widget\" data-widget_type=\"shortcode.default\">\n\t\t\t\t<div class=\"elementor-widget-container\">\n\t\t\t\t\t\t\t<div class=\"elementor-shortcode\">\t<div class='user-registration ur-frontend-form   no-capitalize' id='user-registration-form-1473'>\n\t\t\t\t\t<span class=\"user-registration-registration-title\"> \u017diados\u0165 o registr\u00e1ciu <\/span> <\/br><p class=\"user-registration-registration-description\">  <\/p>\t\t\t<form method='post' class='register' data-form-id=\"1473\"\n\t\t\t\tdata-enable-strength-password=\"1\" data-minimum-password-strength=\"3\"\n\t\t\t\t\t\t\t\t\t\t\t\t\t\t\t data-captcha-enabled=\"1\">\n\n\t\t\t\t<div class=\"ur-form-row\" data-row-id=\"0\">\t\t\t\t\t\t\t<div class=\"ur-form-grid ur-grid-1\"\n\t\t\t\t\t\t\t\tstyle=\"width:48%\">\n\t\t\t\t\t\t\t\t\t\t\t\t\t\t\t\t<div  data-field-id=\"user_login\" class=\"ur-field-item field-user_login \" data-ref-id=\"user_login\" data-field-pattern-enabled=\"0\" data-field-pattern-value=\" \" data-field-pattern-message=\" \">\n\t\t\t\t\t\t\t\t\t\t<div class=\"form-row validate-required\" id=\"user_login_field\" data-priority=\"\" ><label for=\"user_login\" class=\"ur-label\">Meno <abbr class=\"required\" title=\"required\">*<\/abbr><\/label> <span class=\"input-wrapper\"> <input  data-rules=\"\" data-id=\"user_login\" type=\"text\" class=\"input-text   input-text ur-frontend-field  \" name=\"user_login\" id=\"user_login\" placeholder=\"\"  value=\"\" required=\"required\" data-label=\"Meno\" data-username-character=\"1\"\/> <\/span> <\/div>\t\t\t\t\t\t\t\t\t<\/div>\n\t\t\t\t\t\t\t\t\t\t\t\t\t\t\t\t\t\t<div  data-field-id=\"input_box_1758482623\" class=\"ur-field-item field-text \" data-ref-id=\"input_box_1758482623\" data-field-pattern-enabled=\"0\" data-field-pattern-value=\" \" data-field-pattern-message=\" \">\n\t\t\t\t\t\t\t\t\t\t<div class=\"form-row validate-required\" id=\"input_box_1758482623_field\" data-priority=\"\" ><label for=\"input_box_1758482623\" class=\"ur-label\">Priezvisko <abbr class=\"required\" title=\"required\">*<\/abbr><\/label> <span class=\"input-wrapper\"> <input  data-rules=\"\" data-id=\"input_box_1758482623\" type=\"text\" class=\"input-text   input-text ur-frontend-field  \" name=\"input_box_1758482623\" id=\"input_box_1758482623\" placeholder=\"\"  value=\"\" required=\"required\" data-label=\"Priezvisko\" \/> <\/span> <\/div>\t\t\t\t\t\t\t\t\t<\/div>\n\t\t\t\t\t\t\t\t\t\t\t\t\t\t\t\t<\/div>\n\t\t\t\t\t\t\t\t\t\t\t\t\t\t<div class=\"ur-form-grid ur-grid-2\"\n\t\t\t\t\t\t\t\tstyle=\"width:48%\">\n\t\t\t\t\t\t\t\t\t\t\t\t\t\t\t\t<div  data-field-id=\"user_email\" class=\"ur-field-item field-user_email \" data-ref-id=\"user_email\" data-field-pattern-enabled=\"0\" data-field-pattern-value=\" \" data-field-pattern-message=\" \">\n\t\t\t\t\t\t\t\t\t\t<div class=\"form-row validate-required\" id=\"user_email_field\" data-priority=\"\" ><label for=\"user_email\" class=\"ur-label\">E-mail <abbr class=\"required\" title=\"required\">*<\/abbr><\/label> <span class=\"input-wrapper\"> <input  data-rules=\"\" data-id=\"user_email\" type=\"email\" class=\"input-text   input-email ur-frontend-field  \" name=\"user_email\" id=\"user_email\" placeholder=\"\"  value=\"\" required=\"required\" data-label=\"E-mail\" \/> <\/span> <\/div>\t\t\t\t\t\t\t\t\t<\/div>\n\t\t\t\t\t\t\t\t\t\t\t\t\t\t\t\t\t\t<div  data-field-id=\"number_box_1758482682\" class=\"ur-field-item field-number \" data-ref-id=\"number_box_1758482682\" data-field-pattern-enabled=\"0\" data-field-pattern-value=\" \" data-field-pattern-message=\" \">\n\t\t\t\t\t\t\t\t\t\t<div class=\"form-row validate-required\" id=\"number_box_1758482682_field\" data-priority=\"\" ><label for=\"number_box_1758482682\" class=\"ur-label\">Telef\u00f3nne \u010d\u00edslo <abbr class=\"required\" title=\"required\">*<\/abbr><\/label> <span class=\"input-wrapper\"> <input  data-rules=\"\" data-id=\"number_box_1758482682\" type=\"number\" class=\"input-text   input-number ur-frontend-field  \" name=\"number_box_1758482682\" id=\"number_box_1758482682\" placeholder=\"\"  value=\"\" required=\"required\" data-label=\"Telef\u00f3nne \u010d\u00edslo\" step=\"1\" \/> <\/span> <\/div>\t\t\t\t\t\t\t\t\t<\/div>\n\t\t\t\t\t\t\t\t\t\t\t\t\t\t\t\t<\/div>\n\t\t\t\t\t\t\t\t\t\t\t\t\t<\/div>\n\t\t\t\t\t\t<div class=\"ur-form-row\" data-row-id=\"1\">\t\t\t\t\t\t\t<div class=\"ur-form-grid ur-grid-1\"\n\t\t\t\t\t\t\t\tstyle=\"width:48%\">\n\t\t\t\t\t\t\t\t\t\t\t\t\t\t\t\t<div  data-field-id=\"user_pass\" class=\"ur-field-item field-user_pass \" data-ref-id=\"user_pass\" data-field-pattern-enabled=\"0\" data-field-pattern-value=\" \" data-field-pattern-message=\" \">\n\t\t\t\t\t\t\t\t\t\t<div class=\"form-row validate-required hide_show_password\" id=\"user_pass_field\" data-priority=\"\"><label for=\"user_pass\" class=\"ur-label\">Heslo <abbr class=\"required\" title=\"required\">*<\/abbr><\/label> <span class=\"input-wrapper\"> <span class=\"password-input-group input-form-field-icons\"><input data-rules=\"\" data-id=\"user_pass\" type=\"password\" class=\"input-text  input-password ur-frontend-field  \" name=\"user_pass\" id=\"user_pass\" placeholder=\"\"  value=\"\" required=\"required\" data-label=\"Heslo\" \/><a href=\"javaScript:void(0)\" class=\"password_preview dashicons dashicons-hidden\" title=\" Show password \"><\/a><\/span> <\/span> <\/div>\t\t\t\t\t\t\t\t\t<\/div>\n\t\t\t\t\t\t\t\t\t\t\t\t\t\t\t\t<\/div>\n\t\t\t\t\t\t\t\t\t\t\t\t\t\t<div class=\"ur-form-grid ur-grid-2\"\n\t\t\t\t\t\t\t\tstyle=\"width:48%\">\n\t\t\t\t\t\t\t\t\t\t\t\t\t\t\t\t<div  data-field-id=\"user_confirm_password\" class=\"ur-field-item field-user_confirm_password \" data-ref-id=\"user_confirm_password\" data-field-pattern-enabled=\"0\" data-field-pattern-value=\" \" data-field-pattern-message=\" \">\n\t\t\t\t\t\t\t\t\t\t<div class=\"form-row validate-required hide_show_password\" id=\"user_confirm_password_field\" data-priority=\"\"><label for=\"user_confirm_password\" class=\"ur-label\">Potvrdenie hesla <abbr class=\"required\" title=\"required\">*<\/abbr><\/label> <span class=\"input-wrapper\"> <span class=\"password-input-group input-form-field-icons\"><input data-rules=\"\" data-id=\"user_confirm_password\" type=\"password\" class=\"input-text  input-password ur-frontend-field  \" name=\"user_confirm_password\" id=\"user_confirm_password\" placeholder=\"\"  value=\"\" required=\"required\" data-label=\"Potvrdenie hesla\" \/><a href=\"javaScript:void(0)\" class=\"password_preview dashicons dashicons-hidden\" title=\" Show password \"><\/a><\/span> <\/span> <\/div>\t\t\t\t\t\t\t\t\t<\/div>\n\t\t\t\t\t\t\t\t\t\t\t\t\t\t\t\t<\/div>\n\t\t\t\t\t\t\t\t\t\t\t\t\t<\/div>\n\t\t\t\t\t\t<div class=\"ur-form-row\" data-row-id=\"2\">\t\t\t\t\t\t\t<div class=\"ur-form-grid ur-grid-1\"\n\t\t\t\t\t\t\t\tstyle=\"width:99%\">\n\t\t\t\t\t\t\t\t\t\t\t\t\t\t\t\t<div  data-field-id=\"check_box_1758482735\" class=\"ur-field-item field-checkbox \" data-ref-id=\"check_box_1758482735\" data-field-pattern-enabled=\"0\" data-field-pattern-value=\" \" data-field-pattern-message=\" \">\n\t\t\t\t\t\t\t\t\t\t<div class=\"form-row validate-required\" id=\"check_box_1758482735_field\" data-priority=\"\" ><label class=\"ur-label\" required=\"required\" data-label=\"Potvrdenie\">Potvrdenie <abbr class=\"required\" title=\"required\">*<\/abbr><\/label><ul ><li class=\"ur-checkbox-list\"><input data-rules=\"\" data-id=\"check_box_1758482735[]\" required=\"required\" data-label=\"Potvrdenie\" data-value=\"Potvrdzujem, \u017ee som kvalifikovan\u00fdm investorom a som schopn\u00fd investova\u0165 minim\u00e1lnu \u010diastku, ako aj preuk\u00e1za\u0165 svoj majetok v minim\u00e1lnej v\u00fd\u0161ke tak, ako to  vy\u017eaduj\u00fa aktu\u00e1lne z\u00e1kony.\" type=\"checkbox\" class=\"input-checkbox ur-frontend-field  \" name=\"check_box_1758482735[]\" id=\"check_box_1758482735_Potvrdzujem, \u017ee som kvalifikovan\u00fdm investorom a som schopn\u00fd investova\u0165 minim\u00e1lnu \u010diastku, ako aj preuk\u00e1za\u0165 svoj majetok v minim\u00e1lnej v\u00fd\u0161ke tak, ako to  vy\u017eaduj\u00fa aktu\u00e1lne z\u00e1kony.\" value=\"Potvrdzujem, \u017ee som kvalifikovan\u00fdm investorom a som schopn\u00fd investova\u0165 minim\u00e1lnu \u010diastku, ako aj preuk\u00e1za\u0165 svoj majetok v minim\u00e1lnej v\u00fd\u0161ke tak, ako to  vy\u017eaduj\u00fa aktu\u00e1lne z\u00e1kony.\" \/><label class=\"ur-checkbox-label\" for=\"check_box_1758482735_Potvrdzujem, \u017ee som kvalifikovan\u00fdm investorom a som schopn\u00fd investova\u0165 minim\u00e1lnu \u010diastku, ako aj preuk\u00e1za\u0165 svoj majetok v minim\u00e1lnej v\u00fd\u0161ke tak, ako to  vy\u017eaduj\u00fa aktu\u00e1lne z\u00e1kony.\">Potvrdzujem, \u017ee som kvalifikovan\u00fdm investorom a som schopn\u00fd investova\u0165 minim\u00e1lnu \u010diastku, ako aj preuk\u00e1za\u0165 svoj majetok v minim\u00e1lnej v\u00fd\u0161ke tak, ako to  vy\u017eaduj\u00fa aktu\u00e1lne z\u00e1kony.<\/label> <\/li><\/ul><span class=\"description\">Va\u0161e \u00fadaje bud\u00fa odoslan\u00e9 spolo\u010dnosti Metatron Capital SICAV plc. na pos\u00fadenie. Riaditelia spolo\u010dnosti si vyhradzuj\u00fa pln\u00e9 pr\u00e1vo pos\u00fadi\u0165 tieto \u00fadaje a rozhodn\u00fa\u0165 pod\u013ea svojej \u00favahy o pr\u00edstupe k neverejn\u00fdm inform\u00e1ci\u00e1m.\n\nV pr\u00edpade pochybnost\u00ed V\u00e1s budeme kontaktova\u0165 na uvedenom telef\u00f3nnom \u010d\u00edsle. O v\u00fdsledku tohto pos\u00fadenia budete informovan\u00ed emailom.<\/span><\/div>\t\t\t\t\t\t\t\t\t<\/div>\n\t\t\t\t\t\t\t\t\t\t\t\t\t\t\t\t<\/div>\n\t\t\t\t\t\t\t\t\t\t\t\t\t<\/div>\n\t\t\t\t\t\t\t\t\t\t\t\t<div id=\"ur-recaptcha-node\"> <div id=\"node_recaptcha_register\" class=\"g-recaptcha\"><\/div><\/div>\t\t\t\t\t\t<div class=\"ur-button-container \" >\n\t\t\t\t\t\t\t\t\t\t\t\t\t\t<button type=\"submit\" class=\"btn button ur-submit-button registrovat\"  conditional_rules=\"&quot;&quot;\">\n\t\t\t\t\t\t\t\t<span><\/span>\n\t\t\t\t\t\t\t\tRegistrova\u0165 sa\t\t\t\t\t\t\t<\/button>\n\t\t\t\t\t\t\t\t\t\t\t\t\t\t\t\t\t\t\t\t<\/div>\n\t\t\t\t\t\t\n\t\t\t\t<div style=\"clear:both\"><\/div>\n\t\t\t\t\t\t\t\t<input type=\"hidden\" name=\"ur-registration-language\" value=\"en-GB\"\/>\n\t\t\t\t<input type=\"hidden\" name=\"ur-user-form-id\" value=\"1473\"\/>\n\t\t\t\t<input type=\"hidden\" name=\"ur-redirect-url\" value=\"\"\/>\n\t\t\t\t<input type=\"hidden\" id=\"ur_frontend_form_nonce\" name=\"ur_frontend_form_nonce\" value=\"4c4a7791cd\" \/>\n\t\t\t\t\n\t\t\t<\/form>\n\t\t\t\n\t\t<div style=\"clear:both\"><\/div>\n\t<\/div>\n\n<\/div>\n\t\t\t\t\t\t<\/div>\n\t\t\t\t<\/div>\n\t\t\t\t\t<\/div>\n\t\t\t\t<\/div>\n\t\t\t\t<\/div>\n\t\t","protected":false},"excerpt":{"rendered":"","protected":false},"author":1,"featured_media":0,"parent":0,"menu_order":0,"comment_status":"closed","ping_status":"closed","template":"","meta":{"footnotes":""},"class_list":["post-1474","page","type-page","status-publish","hentry"],"_links":{"self":[{"href":"https:\/\/metatroncapital.eu\/en\/wp-json\/wp\/v2\/pages\/1474","targetHints":{"allow":["GET"]}}],"collection":[{"href":"https:\/\/metatroncapital.eu\/en\/wp-json\/wp\/v2\/pages"}],"about":[{"href":"https:\/\/metatroncapital.eu\/en\/wp-json\/wp\/v2\/types\/page"}],"author":[{"embeddable":true,"href":"https:\/\/metatroncapital.eu\/en\/wp-json\/wp\/v2\/users\/1"}],"replies":[{"embeddable":true,"href":"https:\/\/metatroncapital.eu\/en\/wp-json\/wp\/v2\/comments?post=1474"}],"version-history":[{"count":0,"href":"https:\/\/metatroncapital.eu\/en\/wp-json\/wp\/v2\/pages\/1474\/revisions"}],"wp:attachment":[{"href":"https:\/\/metatroncapital.eu\/en\/wp-json\/wp\/v2\/media?parent=1474"}],"curies":[{"name":"wp","href":"https:\/\/api.w.org\/{rel}","templated":true}]}}