{"id":1759,"date":"2025-09-28T19:52:58","date_gmt":"2025-09-28T17:52:58","guid":{"rendered":"https:\/\/metatroncapital.eu\/?page_id=1759"},"modified":"2025-09-28T19:55:02","modified_gmt":"2025-09-28T17:55:02","slug":"vseobecne-podmienky","status":"publish","type":"page","link":"https:\/\/metatroncapital.eu\/en\/vseobecne-podmienky\/","title":{"rendered":"V\u0161eobecn\u00e9 podmienky"},"content":{"rendered":"<style>.elementor-1759 .elementor-element.elementor-element-3fe0f6a{--display:flex;--flex-direction:column;--container-widget-width:100%;--container-widget-height:initial;--container-widget-flex-grow:0;--container-widget-align-self:initial;--flex-wrap-mobile:wrap;--padding-top:5%;--padding-bottom:5%;--padding-left:5%;--padding-right:5%;}:root{--page-title-display:none;}<\/style>\t\t<div data-elementor-type=\"wp-page\" data-elementor-id=\"1759\" class=\"elementor elementor-1759\" data-elementor-post-type=\"page\">\n\t\t\t\t<div class=\"elementor-element elementor-element-3fe0f6a e-flex e-con-boxed e-con e-parent\" data-id=\"3fe0f6a\" data-element_type=\"container\" data-e-type=\"container\">\n\t\t\t\t\t<div class=\"e-con-inner\">\n\t\t\t\t<div class=\"elementor-element elementor-element-9b152da elementor-widget elementor-widget-heading\" data-id=\"9b152da\" data-element_type=\"widget\" data-e-type=\"widget\" data-widget_type=\"heading.default\">\n\t\t\t\t<div class=\"elementor-widget-container\">\n\t\t\t\t\t<h2 class=\"elementor-heading-title elementor-size-default\">V\u0161eobecn\u00e9 podmienky<\/h2>\t\t\t\t<\/div>\n\t\t\t\t<\/div>\n\t\t\t\t<div class=\"elementor-element elementor-element-7a352b5 elementor-widget elementor-widget-text-editor\" data-id=\"7a352b5\" data-element_type=\"widget\" data-e-type=\"widget\" data-widget_type=\"text-editor.default\">\n\t\t\t\t<div class=\"elementor-widget-container\">\n\t\t\t\t\t\t\t\t\t<p>Metatron Capital <span class=\"caps\">SICAV<\/span> plc (\u201eSpolo\u010dnos\u0165\u201c) m\u00e1 licenciu \u010d. <span class=\"caps\">PIF<\/span>\/177 Maltsk\u00e9ho \u00faradu pre finan\u010dn\u00e9 slu\u017eby (\u201eMFSA\u201c) ako multifondov\u00e1 investi\u010dn\u00e1 spolo\u010dnos\u0165 s variabiln\u00fdm z\u00e1kladn\u00fdm kapit\u00e1lom (<span class=\"caps\">SICAV<\/span>), ktor\u00e1 je zalo\u017een\u00e1 pod\u013ea z\u00e1kona Cap 386 Zbierky z\u00e1konov Maltskej republiky s registra\u010dn\u00fdm \u010d\u00edslom SV177 a m\u00f4\u017ee utv\u00e1ra\u0165 samostatn\u00e9 podfondy a emitova\u0165 triedy akci\u00ed t\u00fdchto podfondov, pri\u010dom ka\u017ed\u00fd podfond disponuje oddelen\u00fdm majetkom.<\/p><p>Podfondy (\u201eFondy\u201c) obhospodarovan\u00e9 Spolo\u010dnos\u0165ou s\u00fa fondy profesion\u00e1lnych investorov (Professional Investor Fund \u2013 \u201ePIF\u201c), ktor\u00e9 s\u00fa ur\u010den\u00e9 len pre kvalifikovan\u00fdch investorov v \u010ceskej republike pod\u013ea z\u00e1kona o investi\u010dn\u00fdch spolo\u010dnostiach a investi\u010dn\u00fdch fondoch. Pre tento typ fondov regulovan\u00fdch <span class=\"caps\">by MFSA<\/span> to znamen\u00e1 minim\u00e1lnu mieru dozoru. <span class=\"caps\">PIF<\/span> nie je retailov\u00fd typ fondu, preto sa na\u0148 nevz\u0165ahuje ochrana <span class=\"caps\">by MFSA<\/span> pre retailov\u00e9 fondy.<\/p><p>Skuto\u010dnos\u0165, \u017ee Fondy s\u00fa zap\u00edsan\u00e9 v zozname vedenom \u010ceskou n\u00e1rodnou bankou, tie\u017e nezaklad\u00e1 ochranu a doh\u013ead ako v pr\u00edpade fondov kolekt\u00edvneho investovania pre retail. Investori nie s\u00fa v pr\u00edpade zlyhania Spolo\u010dnosti chr\u00e1nen\u00ed \u017eiadnou dohodou o kompenz\u00e1cii ani z\u00e1ru\u010dn\u00fdm syst\u00e9mom, tzn. nevz\u0165ahuje sa na nich Garan\u010dn\u00fd fond obchodn\u00edkov s cenn\u00fdmi papiermi, ani Fond poistenia vkladov, ani obdobn\u00fd zahrani\u010dn\u00fd syst\u00e9m.<\/p><p>Ak nie je uveden\u00e9 inak, inform\u00e1cie a slu\u017eby uveden\u00e9 na t\u00fdchto webov\u00fdch str\u00e1nkach boli zverejnen\u00e9 Spolo\u010dnos\u0165ou a maj\u00fa \u010disto nez\u00e1v\u00e4zn\u00fd a informa\u010dn\u00fd charakter. Poskytnut\u00e9 inform\u00e1cie s\u00fa len informat\u00edvne a nemali by sa pova\u017eova\u0165 za odpor\u00fa\u010dania \u010di za investi\u010dn\u00e9 poradenstvo. Druhy tu spom\u00ednan\u00fdch investi\u010dn\u00fdch n\u00e1strojov s\u00fa ur\u010den\u00e9 len kvalifikovan\u00fdm investorom a rozhodnutia zalo\u017een\u00e9 na t\u00fdchto inform\u00e1ci\u00e1ch poskytnut\u00fdch Spolo\u010dnos\u0165ou s\u00fa na vlastn\u00e9 riziko investora.<\/p><p>Tieto webov\u00e9 str\u00e1nky sl\u00fa\u017eia len na informa\u010dn\u00e9 \u00fa\u010dely a nepredstavuj\u00fa ak\u00fako\u013evek ponuku na uzavretie zmluvy t\u00fdkaj\u00facej sa uveden\u00e9ho finan\u010dn\u00e9ho n\u00e1stroja alebo investi\u010dnej slu\u017eby. Nie s\u00fa podkladom na uzavretie akejko\u013evek zmluvy alebo na dojednanie z\u00e1v\u00e4zku ak\u00e9hoko\u013evek druhu. Nemo\u017eno sa na ne odvol\u00e1va\u0165 v s\u00favislosti s uzavret\u00edm akejko\u013evek zmluvy alebo s dojednan\u00edm z\u00e1v\u00e4zku ak\u00e9hoko\u013evek druhu. Inform\u00e1cie a slu\u017eby uveden\u00e9 na t\u00fdchto webov\u00fdch str\u00e1nkach nepredstavuj\u00fa ponuku pou\u017ei\u0165 tieto inform\u00e1cie a slu\u017eby v jurisdikci\u00e1ch, kde to zakazuje z\u00e1kon \u010di regul\u00e1cia. \u017diadna z inform\u00e1ci\u00ed nepredstavuje investi\u010dn\u00fa, pr\u00e1vnu, da\u0148ov\u00fa \u010di in\u00fa radu. Spolo\u010dnos\u0165 nie je zodpovedn\u00e1 za presnos\u0165 inform\u00e1ci\u00ed obsiahnut\u00fdch na webov\u00fdch str\u00e1nkach Spolo\u010dnosti a nezodpoved\u00e1 za ak\u00fako\u013evek ujmu vypl\u00fdvaj\u00facu z ak\u00e9hoko\u013evek pou\u017eitia uveden\u00fdch inform\u00e1ci\u00ed. V pr\u00edpade rozporu medzi jednotliv\u00fdmi jazykov\u00fdmi verziami tohto disclaimeru je rozhoduj\u00faca jeho anglick\u00e1 verzia.<\/p><p>Potenci\u00e1lnym investorom odpor\u00fa\u010dame, aby si pred vykonan\u00edm investi\u010dn\u00e9ho rozhodnutia pozorne pre\u010d\u00edtali pr\u00edslu\u0161n\u00e9 pr\u00e1vne dokumenty a pr\u00edpadn\u00e9 invest\u00edcie konzultovali so svojimi da\u0148ov\u00fdmi, finan\u010dn\u00fdmi a pr\u00e1vnymi poradcami.<\/p><p>Invest\u00edcia do Fondov m\u00f4\u017ee ma\u0165 \u0161pekulat\u00edvny charakter a m\u00f4\u017ee zah\u0155\u0148a\u0165 vysok\u00fd stupe\u0148 rizika. Mo\u017enos\u0165 v\u00fdberu prostriedkov z Fondov m\u00f4\u017ee by\u0165 obmedzen\u00e1 a investori tak nemusia ma\u0165 pr\u00edstup ku kapit\u00e1lu v momente, ke\u010f ho bud\u00fa potrebova\u0165. Portf\u00f3lio je plne pod obchodnou kontrolou mana\u017e\u00e9rov portf\u00f3lia, ktor\u00ed m\u00f4\u017eu vyu\u017e\u00edva\u0165 p\u00e1ku (leverage), \u010do m\u00f4\u017ee sp\u00f4sobi\u0165 volatilitu v\u00fdkonnosti invest\u00edcie. Investor by nemal realizova\u0165 invest\u00edcie do Fondov Spolo\u010dnosti, ak nie je pripraven\u00fd strati\u0165 ich podstatn\u00fa \u010das\u0165.<\/p><p>Poplatky s\u00favisiace s invest\u00edciou m\u00f4\u017eu by\u0165 vy\u0161\u0161ie ako pri in\u00fdch alternat\u00edvnych invest\u00edci\u00e1ch, tak\u017ee investori m\u00f4\u017eu pr\u00eds\u0165 o \u010das\u0165 svojich ziskov. Neexistuje \u017eiadna z\u00e1ruka, \u017ee investi\u010dn\u00e9 ciele bud\u00fa dosiahnut\u00e9. Navy\u0161e doteraj\u0161ie v\u00fdsledky nie je mo\u017en\u00e9 interpretova\u0165 ako indik\u00e1tor bud\u00facej v\u00fdkonnosti.<\/p><p>V\u0161etky poskytovan\u00e9 inform\u00e1cie s\u00fa d\u00f4vern\u00e9. Inform\u00e1cie nesm\u00fa by\u0165 reprodukovan\u00e9, distribuovan\u00e9 alebo publikovan\u00e9 v \u00faplnej alebo \u010diasto\u010dnej podobe na ak\u00e9ko\u013evek \u00fa\u010dely, a za ak\u00fdmko\u013evek \u00fa\u010delom nesm\u00fa by\u0165 poskytnut\u00e9 ani \u017eiadnej tretej strane bez predch\u00e1dzaj\u00faceho s\u00fahlasu riadite\u013eov Spolo\u010dnosti. Tieto inform\u00e1cie boli pripraven\u00e9 bez oh\u013eadu na konkr\u00e9tne investi\u010dn\u00e9 ciele, finan\u010dn\u00fa situ\u00e1ciu alebo na potreby konkr\u00e9tneho investora.<b><br \/><\/b><\/p><p><b>Spolo\u010dnos\u0165 <\/b>spad\u00e1 do rozsahu p\u00f4sobnosti nariadenia Eur\u00f3pskeho parlamentu a Rady (E\u00da) 2019\/2088 z 27. novembra 2019 o zverej\u0148ovan\u00ed inform\u00e1ci\u00ed o udr\u017eate\u013enosti v sektore finan\u010dn\u00fdch slu\u017eieb (\u201enariadenie o zverej\u0148ovan\u00ed udr\u017eate\u013en\u00e9ho financovania\u201c alebo \u201eSFDR\u201c), ktor\u00e9 vst\u00fapi do platnosti 10. marca 2021 a od \u00fa\u010dastn\u00edkov finan\u010dn\u00e9ho trhu, vr\u00e1tane Spolo\u010dnosti, bude vy\u017eadova\u0165, aby koncov\u00fdm investorom poskytli ur\u010dit\u00e9 inform\u00e1cie o trvalej udr\u017eate\u013enosti.<\/p><p><b>Neberie sa oh\u013ead na nepriazniv\u00e9 vplyvy udr\u017eate\u013enosti<\/b><\/p><p>Spolo\u010dnos\u0165 m\u00e1 v s\u00fa\u010dasnosti tri podfondy (\u201e<b>Fondy<\/b>\u201c). V s\u00fa\u010dasnosti Spolo\u010dnos\u0165 pri prij\u00edman\u00ed investi\u010dn\u00fdch rozhodnut\u00ed nezoh\u013ead\u0148uje nepriazniv\u00e9 dopady svojich investi\u010dn\u00fdch rozhodnut\u00ed na faktory udr\u017eate\u013enosti z h\u013eadiska <span class=\"caps\">SFDR<\/span>, preto\u017ee to nie je relevantn\u00e9 pre: (1) zlo\u017eenie portf\u00f3lia fondov a (2) investi\u010dn\u00e9 strat\u00e9gie a \/ alebo politiky jej fondov. Spolo\u010dnos\u0165 m\u00f4\u017ee zv\u00e1\u017ei\u0165 tak\u00e9to nepriazniv\u00e9 vplyvy v s\u00favislosti s bud\u00facimi mand\u00e1tmi v s\u00falade so svojou politikou rizika trvalej udr\u017eate\u013enosti (\u010fal\u0161ie podrobnosti s\u00fa uveden\u00e9 ni\u017e\u0161ie).<\/p><p><b>Politika rizika trvalej udr\u017eate\u013enosti<\/b><\/p><p>V s\u00falade s po\u017eiadavkami kladen\u00fdmi na intern\u00fdch \u00fa\u010dastn\u00edkov finan\u010dn\u00e9ho trhu sformulovala Spolo\u010dnos\u0165 svoju politiku udr\u017eate\u013en\u00e9ho rizika, v ktorej na\u010drt\u00e1va pr\u00edstup, ktor\u00fd bude spolo\u010dnos\u0165 uplat\u0148ova\u0165 pri za\u010dle\u0148ovan\u00ed krit\u00e9ri\u00ed <span class=\"caps\">ESG<\/span> do svojich procesov riadenia invest\u00edci\u00ed, a to nielen prostredn\u00edctvom pos\u00fadenia v\u0161etk\u00fdch relevantn\u00fdch finan\u010dn\u00fdch riz\u00edk, ale aj relevantn\u00fdch riz\u00edk trvalej udr\u017eate\u013enosti s cie\u013eom zmierni\u0165 rizik\u00e1 a zv\u00fd\u0161i\u0165 n\u00e1vratnos\u0165 v strednodobom a\u017e dlhodobom horizonte.<\/p><p>Napriek tomu, \u017ee Spolo\u010dnos\u0165 v s\u00fa\u010dasnosti neintegruje rizik\u00e1 udr\u017eate\u013enosti do svojich procesov rozhodovania o invest\u00edci\u00e1ch, Spolo\u010dnos\u0165 zoh\u013eadn\u00ed krit\u00e9ri\u00e1<b> <\/b><span class=\"caps\">ESG<\/span> v s\u00favislosti s ostatn\u00fdmi fondami, ktor\u00e9 sa m\u00f4\u017eu z\u00fa\u010dastni\u0165 v bud\u00facnosti a vyhodnot\u00ed rizik\u00e1 udr\u017eate\u013enosti v rozsahu relevantnom pre: i) povahu fondu (fondov);ii) ochotu investorov up\u00edsa\u0165 sa fondom.<\/p><p>V rozsahu krit\u00e9ri\u00ed <span class=\"caps\">ESG<\/span> a\/alebo hodnotenia riz\u00edk udr\u017eate\u013enosti a ich relevancie pre bud\u00face mand\u00e1ty, je mo\u017en\u00e9 uplatni\u0165 ni\u017e\u0161ie uveden\u00e9 pr\u00edstupy.<\/p><p>1) Integr\u00e1cia <span class=\"caps\">ESG<\/span><\/p><p>Do tej miery, ako s\u00fa rizik\u00e1 udr\u017eate\u013enosti pova\u017eovan\u00e9 za relevantn\u00e9 pre bud\u00face Sub-fondy, Spolo\u010dnos\u0165 sa zav\u00e4zuje za\u010dleni\u0165 rizik\u00e1 udr\u017eate\u013enosti do svojich investi\u010dn\u00fdch rozhodovac\u00edch procesov. Pri tomto bude zoh\u013ead\u0148ova\u0165 investi\u010dn\u00fa strat\u00e9giu a rizikov\u00fd profil portf\u00f3li\u00ed Sub-fondov. Aplikovan\u00e9 rizik\u00e1 udr\u017eate\u013enosti m\u00f4\u017eu ma\u0165 podstatn\u00fd vplyv na dlhodob\u00e9 v\u00fdnosy investorov. Pros\u00edm, pozrite si sekciu nazvan\u00fa \u201eRizikov\u00e9 faktory\u201c v tejto s\u00favislosti.<\/p><p>Spolo\u010dnos\u0165 sa rozhodla nedodr\u017eiava\u0165 re\u017eim Hlavn\u00fdch negat\u00edvnych dopadov (<span class=\"caps\">PAI<\/span>) stanoven\u00fd v <span class=\"caps\">SFDR<\/span>, a to ani v\u0161eobecne pod\u013ea \u010dl\u00e1nku 4 <span class=\"caps\">SFDR<\/span>, ani \u0161pecificky vo vz\u0165ahu k Sub-fondom pod\u013ea \u010dl\u00e1nku 7 <span class=\"caps\">SFDR<\/span>. Aj ke\u010f Spolo\u010dnos\u0165 podporuje ciele re\u017eimu <span class=\"caps\">PAI<\/span> zameran\u00e9 na zv\u00fd\u0161enie transparentnosti pre klientov, uvedomuje si, \u017ee vzh\u013eadom na rozsah jej \u010dinnost\u00ed a typy produktov by bolo dodr\u017eanie re\u017eimu <span class=\"caps\">PAI<\/span> pod\u013ea <span class=\"caps\">SFDR<\/span> n\u00e1ro\u010dn\u00e9. Spolo\u010dnos\u0165 tie\u017e pova\u017euje niektor\u00e9 svoje investi\u010dn\u00e9 strat\u00e9gie za nevhodn\u00e9 pre prijatie re\u017eimu <span class=\"caps\">PAI<\/span>, ke\u010f\u017ee zah\u0155\u0148aj\u00fa akt\u00edva alebo produkty, pri ktor\u00fdch nie je mo\u017en\u00e9 uskuto\u010dni\u0165 podrobn\u00fa anal\u00fdzu negat\u00edvneho dopadu na udr\u017eate\u013enos\u0165. Navy\u0161e, Spolo\u010dnos\u0165 vyjadruje obavy oh\u013eadom aktu\u00e1lneho nedostatku dostupn\u00fdch \u00fadajov potrebn\u00fdch pre splnenie po\u017eiadaviek na vyhl\u00e1senie o <span class=\"caps\">PAI<\/span>, ke\u010f\u017ee spolo\u010dnosti a poskytovatelia trhov\u00fdch \u00fadajov e\u0161te nie s\u00fa pripraven\u00ed poskytn\u00fa\u0165 v\u0161etky nevyhnutn\u00e9 inform\u00e1cie. Spolo\u010dnos\u0165 bude minim\u00e1lne raz ro\u010dne prehodnocova\u0165 svoje rozhodnutie nedodr\u017eiava\u0165 re\u017eim <span class=\"caps\">PAI<\/span> a vyhradzuje si pr\u00e1vo zmeni\u0165 svoje stanovisko v bud\u00facnosti.<\/p><p>Sub-fondy s\u00fa klasifikovan\u00e9 ako fondy pod\u013ea \u010dl\u00e1nku 6 v r\u00e1mci <span class=\"caps\">SFDR<\/span>, \u010do znamen\u00e1, \u017ee neuprednost\u0148uj\u00fa environment\u00e1lne alebo soci\u00e1lne charakteristiky v zmysle, ktor\u00fd by zodpovedal klasifik\u00e1cii \u010dl\u00e1nku 8 pre \u00fa\u010dely <span class=\"caps\">SFDR<\/span>; a nezameriavaj\u00fa sa na udr\u017eate\u013en\u00e9 investovanie v zmysle, ktor\u00fd by zodpovedal klasifik\u00e1cii \u010dl\u00e1nku 9 pre \u00fa\u010dely <span class=\"caps\">SFDR<\/span>. Pokia\u013e ide o nariadenie o taxon\u00f3mii, invest\u00edcie vykon\u00e1van\u00e9 Sub-fondmi neber\u00fa do \u00favahy krit\u00e9ri\u00e1 E\u00da pre ekologicky udr\u017eate\u013en\u00e9 hospod\u00e1rske \u010dinnosti<\/p><p>2) Skr\u00edning<\/p><p>Spolo\u010dnos\u0165 by mohla pou\u017ei\u0165 s\u00fabor filtrov na \u00fa\u010dely ur\u010denia spolo\u010dnost\u00ed, sektorov alebo aktiv\u00edt, ktor\u00e9 s\u00fa vhodn\u00e9 alebo nevhodn\u00e9<b> <\/b>na investovanie na z\u00e1klade jej preferenci\u00ed, hodn\u00f4t alebo etiky. Spolo\u010dnos\u0165 by mohla implementova\u0165 kombin\u00e1ciu pozit\u00edvnych a negat\u00edvnych skr\u00edningov v s\u00falade s krit\u00e9riami etick\u00e9ho za\u010dlenenia alebo vyl\u00fa\u010denia. Po investovan\u00ed sa bude pravdepodobne pravidelne prehodnocova\u0165 prebiehaj\u00faca vhodnos\u0165 uveden\u00fdch spolo\u010dnost\u00ed, sektorov alebo \u010dinnost\u00ed, alebo ak d\u00f4jde k v\u00fdznamn\u00fdm zmen\u00e1m.<\/p><p>Politika rizika trvalej udr\u017eate\u013enosti bude prehodnocovan\u00e1 najmenej raz ro\u010dne s cie\u013eom mera\u0165 \u00faspe\u0161nos\u0165 a ur\u010di\u0165 \u010di na\u010falej odr\u00e1\u017ea investi\u010dn\u00e9 presved\u010denie spolo\u010dnosti.<\/p><p><b>Pravidl\u00e1 odme\u0148ovania<\/b><\/p><p>Pr\u00edstup spolo\u010dnosti k odme\u0148ovaniu, ako je stanoven\u00fd v jej politike odme\u0148ovania, nepodporuje nadmern\u00e9 riskovanie v s\u00favislosti s rizikami udr\u017eate\u013enosti.<\/p><p>01\/12\/2023<\/p>\t\t\t\t\t\t\t\t<\/div>\n\t\t\t\t<\/div>\n\t\t\t\t\t<\/div>\n\t\t\t\t<\/div>\n\t\t\t\t<\/div>","protected":false},"excerpt":{"rendered":"<p>V\u0161eobecn\u00e9 podmienky Metatron Capital SICAV plc (\u201eSpolo\u010dnos\u0165\u201c) m\u00e1 licenciu \u010d. PIF\/177 Maltsk\u00e9ho \u00faradu pre finan\u010dn\u00e9 slu\u017eby (\u201eMFSA\u201c) ako multifondov\u00e1 investi\u010dn\u00e1 spolo\u010dnos\u0165 s variabiln\u00fdm z\u00e1kladn\u00fdm kapit\u00e1lom (SICAV), ktor\u00e1 je zalo\u017een\u00e1 pod\u013ea z\u00e1kona Cap 386 Zbierky z\u00e1konov Maltskej republiky s registra\u010dn\u00fdm \u010d\u00edslom SV177 a m\u00f4\u017ee utv\u00e1ra\u0165 samostatn\u00e9 podfondy a emitova\u0165 triedy akci\u00ed t\u00fdchto podfondov, pri\u010dom ka\u017ed\u00fd podfond [&hellip;]<\/p>\n","protected":false},"author":1,"featured_media":0,"parent":0,"menu_order":0,"comment_status":"closed","ping_status":"closed","template":"","meta":{"footnotes":""},"class_list":["post-1759","page","type-page","status-publish","hentry"],"_links":{"self":[{"href":"https:\/\/metatroncapital.eu\/en\/wp-json\/wp\/v2\/pages\/1759","targetHints":{"allow":["GET"]}}],"collection":[{"href":"https:\/\/metatroncapital.eu\/en\/wp-json\/wp\/v2\/pages"}],"about":[{"href":"https:\/\/metatroncapital.eu\/en\/wp-json\/wp\/v2\/types\/page"}],"author":[{"embeddable":true,"href":"https:\/\/metatroncapital.eu\/en\/wp-json\/wp\/v2\/users\/1"}],"replies":[{"embeddable":true,"href":"https:\/\/metatroncapital.eu\/en\/wp-json\/wp\/v2\/comments?post=1759"}],"version-history":[{"count":0,"href":"https:\/\/metatroncapital.eu\/en\/wp-json\/wp\/v2\/pages\/1759\/revisions"}],"wp:attachment":[{"href":"https:\/\/metatroncapital.eu\/en\/wp-json\/wp\/v2\/media?parent=1759"}],"curies":[{"name":"wp","href":"https:\/\/api.w.org\/{rel}","templated":true}]}}